{"id":733,"date":"2022-11-18T19:28:20","date_gmt":"2022-11-18T18:28:20","guid":{"rendered":"https:\/\/dadyandmanuela.com\/?page_id=733"},"modified":"2026-01-06T15:18:19","modified_gmt":"2026-01-06T14:18:19","slug":"formation-konpa","status":"publish","type":"page","link":"https:\/\/dadyandmanuela.com\/index.php\/formation-konpa\/","title":{"rendered":"Formation Konpa"},"content":{"rendered":"\t\t<div data-elementor-type=\"wp-page\" data-elementor-id=\"733\" class=\"elementor elementor-733\">\n\t\t\t\t\t\t\t\t\t<section class=\"elementor-section elementor-top-section elementor-element elementor-element-b780498 elementor-section-boxed elementor-section-height-default elementor-section-height-default\" data-id=\"b780498\" data-element_type=\"section\">\n\t\t\t\t\t\t<div class=\"elementor-container elementor-column-gap-default\">\n\t\t\t\t\t<div class=\"elementor-column elementor-col-100 elementor-top-column elementor-element elementor-element-2f6098d\" data-id=\"2f6098d\" data-element_type=\"column\">\n\t\t\t<div class=\"elementor-widget-wrap elementor-element-populated\">\n\t\t\t\t\t\t\t\t<div class=\"elementor-element elementor-element-3abbeb3 elementor-widget elementor-widget-image\" data-id=\"3abbeb3\" data-element_type=\"widget\" data-widget_type=\"image.default\">\n\t\t\t\t<div class=\"elementor-widget-container\">\n\t\t\t<style>\/*! elementor - v3.10.2 - 29-01-2023 *\/\n.elementor-widget-image{text-align:center}.elementor-widget-image a{display:inline-block}.elementor-widget-image a img[src$=\".svg\"]{width:48px}.elementor-widget-image img{vertical-align:middle;display:inline-block}<\/style>\t\t\t\t\t\t\t\t\t\t\t\t<img loading=\"lazy\" decoding=\"async\" width=\"800\" height=\"419\" src=\"https:\/\/dadyandmanuela.com\/wp-content\/uploads\/2026\/01\/EVENT-FB-1024x536.png\" class=\"attachment-large size-large wp-image-1239\" alt=\"\" srcset=\"https:\/\/dadyandmanuela.com\/wp-content\/uploads\/2026\/01\/EVENT-FB-1024x536.png 1024w, https:\/\/dadyandmanuela.com\/wp-content\/uploads\/2026\/01\/EVENT-FB-300x157.png 300w, https:\/\/dadyandmanuela.com\/wp-content\/uploads\/2026\/01\/EVENT-FB-768x402.png 768w, https:\/\/dadyandmanuela.com\/wp-content\/uploads\/2026\/01\/EVENT-FB.png 1200w\" sizes=\"auto, (max-width: 800px) 100vw, 800px\" \/>\t\t\t\t\t\t\t\t\t\t\t\t\t\t\t<\/div>\n\t\t\t\t<\/div>\n\t\t\t\t\t<\/div>\n\t\t<\/div>\n\t\t\t\t\t\t\t<\/div>\n\t\t<\/section>\n\t\t\t\t<section class=\"elementor-section elementor-top-section elementor-element elementor-element-db89c5c elementor-section-boxed elementor-section-height-default elementor-section-height-default\" data-id=\"db89c5c\" data-element_type=\"section\">\n\t\t\t\t\t\t<div class=\"elementor-container elementor-column-gap-default\">\n\t\t\t\t\t<div class=\"elementor-column elementor-col-100 elementor-top-column elementor-element elementor-element-8f9f0de\" data-id=\"8f9f0de\" data-element_type=\"column\">\n\t\t\t<div class=\"elementor-widget-wrap elementor-element-populated\">\n\t\t\t\t\t\t\t\t<div class=\"elementor-element elementor-element-4bbfe3b elementor-widget elementor-widget-text-editor\" data-id=\"4bbfe3b\" data-element_type=\"widget\" data-widget_type=\"text-editor.default\">\n\t\t\t\t<div class=\"elementor-widget-container\">\n\t\t\t<style>\/*! elementor - v3.10.2 - 29-01-2023 *\/\n.elementor-widget-text-editor.elementor-drop-cap-view-stacked .elementor-drop-cap{background-color:#818a91;color:#fff}.elementor-widget-text-editor.elementor-drop-cap-view-framed .elementor-drop-cap{color:#818a91;border:3px solid;background-color:transparent}.elementor-widget-text-editor:not(.elementor-drop-cap-view-default) .elementor-drop-cap{margin-top:8px}.elementor-widget-text-editor:not(.elementor-drop-cap-view-default) .elementor-drop-cap-letter{width:1em;height:1em}.elementor-widget-text-editor .elementor-drop-cap{float:left;text-align:center;line-height:1;font-size:50px}.elementor-widget-text-editor .elementor-drop-cap-letter{display:inline-block}<\/style>\t\t\t\t<div class=\"xdj266r x14z9mp xat24cr x1lziwak x1vvkbs\"><p>## English Below #<br class=\"html-br\" \/>Le Konpa, musique et danse ha\u00eftienne n\u00e9e dans les ann\u00e9es 50, conna\u00eet un essor remarquable \u00e0 l\u2019international.<br class=\"html-br\" \/>Pratiqu\u00e9 depuis pr\u00e8s de 70 ans, il s\u2019est enrichi et adapt\u00e9 tout en conservant une identit\u00e9 ha\u00eftienne forte.<\/p><\/div><div class=\"x14z9mp xat24cr x1lziwak x1vvkbs xtlvy1s\"><span class=\"html-span xexx8yu xyri2b x18d9i69 x1c1uobl x1hl2dhg x16tdsg8 x1vvkbs x3nfvp2 x1j61x8r x1fcty0u xdj266r xat24cr xm2jcoa x1mpyi22 xxymvpz xlup9mm x1kky2od\"><img loading=\"lazy\" decoding=\"async\" class=\"xz74otr x15mokao x1ga7v0g x16uus16 xbiv7yw\" src=\"https:\/\/static.xx.fbcdn.net\/images\/emoji.php\/v9\/t51\/1\/16\/1f449.png\" alt=\"\ud83d\udc49\" width=\"16\" height=\"16\" \/><\/span>\u00a0\u00catre professeur de Konpa ne s\u2019improvise pas !<br \/><br class=\"html-br\" \/><\/div><div class=\"x14z9mp xat24cr x1lziwak x1vvkbs xtlvy1s\"><p>Avec cette formation professionnelle orchestr\u00e9e par Dady &amp; Manuela, vous acquerrez :<br class=\"html-br\" \/>&#8211; Les bases th\u00e9oriques et techniques indispensables<br class=\"html-br\" \/>&#8211; Une m\u00e9thodologie d\u2019enseignement adapt\u00e9e<br class=\"html-br\" \/>&#8211; Une compr\u00e9hension globale de l\u2019histoire, de la culture et des styles du Konpa<\/p><\/div><div class=\"x14z9mp xat24cr x1lziwak x1vvkbs xtlvy1s\"><span class=\"html-span xexx8yu xyri2b x18d9i69 x1c1uobl x1hl2dhg x16tdsg8 x1vvkbs x3nfvp2 x1j61x8r x1fcty0u xdj266r xat24cr xm2jcoa x1mpyi22 xxymvpz xlup9mm x1kky2od\"><img loading=\"lazy\" decoding=\"async\" class=\"xz74otr x15mokao x1ga7v0g x16uus16 xbiv7yw\" src=\"https:\/\/static.xx.fbcdn.net\/images\/emoji.php\/v9\/t33\/1\/16\/2705.png\" alt=\"\u2705\" width=\"16\" height=\"16\" \/><\/span>\u00a0PROGRAMME<\/div><div class=\"x14z9mp xat24cr x1lziwak x1vvkbs xtlvy1s\">&#8211; Samedi 25 avril : 9h30\u201312h30 \/ 13h30\u201318h30<br class=\"html-br\" \/>&#8211; Dimanche 26 avril : 9h\u201312h \/ 13h\u201317h<\/div><div class=\"x14z9mp xat24cr x1lziwak x1vvkbs xtlvy1s\">\u00a0<\/div><div class=\"x14z9mp xat24cr x1lziwak x1vvkbs xtlvy1s\"><p>Th\u00e8mes abord\u00e9s :<br class=\"html-br\" \/>&#8211; L\u2019histoire du Konpa : danse, musique, \u00e9volutions<br class=\"html-br\" \/>&#8211; Les pas et mouvements, du plus simple au plus complexe<br class=\"html-br\" \/>&#8211; Le leading et le following<br class=\"html-br\" \/>&#8211; Connexion et musicalit\u00e9<br class=\"html-br\" \/>&#8211; La philosophie, les enjeux culturels et artistiques<br class=\"html-br\" \/>&#8211; Les techniques et la p\u00e9dagogie pour enseigner et challenger vos \u00e9l\u00e8ves<br class=\"html-br\" \/>&#8211; Lien avec les danses traditionnelles ha\u00eftiennes<\/p><\/div><div class=\"x14z9mp xat24cr x1lziwak x1vvkbs xtlvy1s\"><p><span class=\"html-span xexx8yu xyri2b x18d9i69 x1c1uobl x1hl2dhg x16tdsg8 x1vvkbs x3nfvp2 x1j61x8r x1fcty0u xdj266r xat24cr xm2jcoa x1mpyi22 xxymvpz xlup9mm x1kky2od\"><img loading=\"lazy\" decoding=\"async\" class=\"xz74otr x15mokao x1ga7v0g x16uus16 xbiv7yw\" src=\"https:\/\/static.xx.fbcdn.net\/images\/emoji.php\/v9\/t25\/1\/16\/1f393.png\" alt=\"\ud83c\udf93\" width=\"16\" height=\"16\" \/><\/span>\u00a0\u00c0 l\u2019issue de la formation : un certificat attestera de vos aptitudes \u00e0 enseigner le Konpa (niveau initiation \u00e0 d\u00e9butant).<\/p><\/div><div class=\"x14z9mp xat24cr x1lziwak x1vvkbs xtlvy1s\"><span class=\"html-span xexx8yu xyri2b x18d9i69 x1c1uobl x1hl2dhg x16tdsg8 x1vvkbs x3nfvp2 x1j61x8r x1fcty0u xdj266r xat24cr xm2jcoa x1mpyi22 xxymvpz xlup9mm x1kky2od\"><img loading=\"lazy\" decoding=\"async\" class=\"xz74otr x15mokao x1ga7v0g x16uus16 xbiv7yw\" src=\"https:\/\/static.xx.fbcdn.net\/images\/emoji.php\/v9\/t60\/1\/16\/1f4b6.png\" alt=\"\ud83d\udcb6\" width=\"16\" height=\"16\" \/><\/span>\u00a0TARIFS<\/div><div class=\"x14z9mp xat24cr x1lziwak x1vvkbs xtlvy1s\"><p>450 \u20ac \/ personne (R\u00e9servation possible avec un acompte de 50%)<\/p><\/div><div class=\"x14z9mp xat24cr x1lziwak x1vvkbs xtlvy1s\"><span class=\"html-span xexx8yu xyri2b x18d9i69 x1c1uobl x1hl2dhg x16tdsg8 x1vvkbs x3nfvp2 x1j61x8r x1fcty0u xdj266r xat24cr xm2jcoa x1mpyi22 xxymvpz xlup9mm x1kky2od\"><img loading=\"lazy\" decoding=\"async\" class=\"xz74otr x15mokao x1ga7v0g x16uus16 xbiv7yw\" src=\"https:\/\/static.xx.fbcdn.net\/images\/emoji.php\/v9\/t2d\/1\/16\/1f4cd.png\" alt=\"\ud83d\udccd\" width=\"16\" height=\"16\" \/><\/span>\u00a0LIEU<\/div><div class=\"x14z9mp xat24cr x1lziwak x1vvkbs xtlvy1s\"><p>Temple Du Swing<br class=\"html-br\" \/>32 Boulevard Vaugirard, 75015 Paris<\/p><\/div><div class=\"x14z9mp xat24cr x1lziwak x1vvkbs xtlvy1s\"><span class=\"html-span xexx8yu xyri2b x18d9i69 x1c1uobl x1hl2dhg x16tdsg8 x1vvkbs x3nfvp2 x1j61x8r x1fcty0u xdj266r xat24cr xm2jcoa x1mpyi22 xxymvpz xlup9mm x1kky2od\"><img loading=\"lazy\" decoding=\"async\" class=\"xz74otr x15mokao x1ga7v0g x16uus16 xbiv7yw\" src=\"https:\/\/static.xx.fbcdn.net\/images\/emoji.php\/v9\/tc0\/1\/16\/1f4e9.png\" alt=\"\ud83d\udce9\" width=\"16\" height=\"16\" \/><\/span>\u00a0INFORMATIONS &amp; R\u00c9SERVATIONS<\/div><div class=\"x14z9mp xat24cr x1lziwak x1vvkbs xtlvy1s\">&#8211; Mail : info @<a class=\"x1i10hfl xjbqb8w x1ejq31n x18oe1m7 x1sy0etr xstzfhl x972fbf x10w94by x1qhh985 x14e42zd x9f619 x1ypdohk xt0psk2 x3ct3a4 xdj266r x14z9mp xat24cr x1lziwak xexx8yu xyri2b x18d9i69 x1c1uobl x16tdsg8 x1hl2dhg xggy1nq x1a2a7pz xkrqix3 x1sur9pj x1fey0fg x1s688f\" tabindex=\"0\" role=\"link\" href=\"https:\/\/dadyandmanuela.com\/?fbclid=IwZXh0bgNhZW0CMTAAYnJpZBExUlZsTEhWb0V2YVI5UElZMQEe02mDpSKBl6R-SofNvRibWN4N_im5qOXgm0Sm64ObzJDwke2EJGDcRCr7dJI_aem_5koSO1qlDU-iZIoL98E8fg\" target=\"_blank\" rel=\"nofollow noopener noreferrer\">dadyandmanuela.com<\/a><br class=\"html-br\" \/>&#8211; Facebook &amp; Instagram : @dadyandmanuela<br class=\"html-br\" \/>&#8211; Site :\u00a0<a class=\"x1i10hfl xjbqb8w x1ejq31n x18oe1m7 x1sy0etr xstzfhl x972fbf x10w94by x1qhh985 x14e42zd x9f619 x1ypdohk xt0psk2 x3ct3a4 xdj266r x14z9mp xat24cr x1lziwak xexx8yu xyri2b x18d9i69 x1c1uobl x16tdsg8 x1hl2dhg xggy1nq x1a2a7pz xkrqix3 x1sur9pj x1fey0fg x1s688f\" tabindex=\"0\" role=\"link\" href=\"http:\/\/www.dadyandmanuela.com\/?fbclid=IwZXh0bgNhZW0CMTAAYnJpZBExUlZsTEhWb0V2YVI5UElZMQEeCucR1c0J7WgjqDP6Nq0_Tg6Mu_F2srZKS0baVpcX1X4q0PTBlaqvtXPK1MI_aem_-5f_gENtRqq2l-GVrX5QZQ\" target=\"_blank\" rel=\"nofollow noopener noreferrer\">www.dadyandmanuela.com<\/a><\/div><div class=\"x14z9mp xat24cr x1lziwak x1vvkbs xtlvy1s\">&#8212;&#8212;&#8212;&#8212;&#8212;&#8212;&#8212;&#8212;&#8212;&#8212;&#8212;&#8212;&#8212;&#8212;&#8212;&#8212;&#8212;&#8212;&#8212;&#8212;&#8212;&#8212;&#8212;<\/div><div class=\"x14z9mp xat24cr x1lziwak x1vvkbs xtlvy1s\">\u00a0<\/div><div class=\"x14z9mp xat24cr x1lziwak x1vvkbs xtlvy1s\"><p>Konpa, the Haitian music and dance born in the 1950s, has gained international recognition.<br class=\"html-br\" \/>Practiced for almost 70 years, it has evolved while maintaining a strong Haitian identity.<\/p><\/div><div class=\"x14z9mp xat24cr x1lziwak x1vvkbs xtlvy1s\"><span class=\"html-span xexx8yu xyri2b x18d9i69 x1c1uobl x1hl2dhg x16tdsg8 x1vvkbs x3nfvp2 x1j61x8r x1fcty0u xdj266r xat24cr xm2jcoa x1mpyi22 xxymvpz xlup9mm x1kky2od\"><img loading=\"lazy\" decoding=\"async\" class=\"xz74otr x15mokao x1ga7v0g x16uus16 xbiv7yw\" src=\"https:\/\/static.xx.fbcdn.net\/images\/emoji.php\/v9\/t51\/1\/16\/1f449.png\" alt=\"\ud83d\udc49\" width=\"16\" height=\"16\" \/><\/span>\u00a0Being a Konpa teacher can\u2019t be improvised !<br \/><br class=\"html-br\" \/><\/div><div class=\"x14z9mp xat24cr x1lziwak x1vvkbs xtlvy1s\"><p>With this professional training by Dady &amp; Manuela, you will gain:<br class=\"html-br\" \/>&#8211; The essential theoretical and technical knowledge,<br class=\"html-br\" \/>&#8211; An adapted teaching methodology,<br class=\"html-br\" \/>&#8211; A deep understanding of the history, culture and styles of Konpa<\/p><\/div><div class=\"x14z9mp xat24cr x1lziwak x1vvkbs xtlvy1s\"><span class=\"html-span xexx8yu xyri2b x18d9i69 x1c1uobl x1hl2dhg x16tdsg8 x1vvkbs x3nfvp2 x1j61x8r x1fcty0u xdj266r xat24cr xm2jcoa x1mpyi22 xxymvpz xlup9mm x1kky2od\"><img loading=\"lazy\" decoding=\"async\" class=\"xz74otr x15mokao x1ga7v0g x16uus16 xbiv7yw\" src=\"https:\/\/static.xx.fbcdn.net\/images\/emoji.php\/v9\/t33\/1\/16\/2705.png\" alt=\"\u2705\" width=\"16\" height=\"16\" \/><\/span>\u00a0PROGRAM<\/div><div class=\"x14z9mp xat24cr x1lziwak x1vvkbs xtlvy1s\"><p>&#8211; Saturday, April 25 : 9:30am\u201312:30 \/ 1:30\u20136:30pm<br class=\"html-br\" \/>&#8211; Sunday, April 26 : 9am\u201312 \/ 1\u20135pm<\/p><\/div><div class=\"x14z9mp xat24cr x1lziwak x1vvkbs xtlvy1s\"><p>Topics covered:<br class=\"html-br\" \/>&#8211; The history of Konpa: dance, music, evolutions<br class=\"html-br\" \/>&#8211; Steps and movements, from basic to complex<br class=\"html-br\" \/>&#8211; Leading and following in Konpa<br class=\"html-br\" \/>&#8211; Connection and musicality<br class=\"html-br\" \/>&#8211; The philosophy, cultural and artistic issues<br class=\"html-br\" \/>&#8211; Techniques and pedagogy to manage, teach and challenge your students<br class=\"html-br\" \/>&#8211; Ties with Haitian traditional dances<\/p><\/div><div class=\"x14z9mp xat24cr x1lziwak x1vvkbs xtlvy1s\"><p><span class=\"html-span xexx8yu xyri2b x18d9i69 x1c1uobl x1hl2dhg x16tdsg8 x1vvkbs x3nfvp2 x1j61x8r x1fcty0u xdj266r xat24cr xm2jcoa x1mpyi22 xxymvpz xlup9mm x1kky2od\"><img loading=\"lazy\" decoding=\"async\" class=\"xz74otr x15mokao x1ga7v0g x16uus16 xbiv7yw\" src=\"https:\/\/static.xx.fbcdn.net\/images\/emoji.php\/v9\/t25\/1\/16\/1f393.png\" alt=\"\ud83c\udf93\" width=\"16\" height=\"16\" \/><\/span>\u00a0At the end of the course: you will receive a certificate confirming your ability to teach Konpa (initiation to beginner level).<\/p><\/div><div class=\"x14z9mp xat24cr x1lziwak x1vvkbs xtlvy1s\"><span class=\"html-span xexx8yu xyri2b x18d9i69 x1c1uobl x1hl2dhg x16tdsg8 x1vvkbs x3nfvp2 x1j61x8r x1fcty0u xdj266r xat24cr xm2jcoa x1mpyi22 xxymvpz xlup9mm x1kky2od\"><img loading=\"lazy\" decoding=\"async\" class=\"xz74otr x15mokao x1ga7v0g x16uus16 xbiv7yw\" src=\"https:\/\/static.xx.fbcdn.net\/images\/emoji.php\/v9\/t60\/1\/16\/1f4b6.png\" alt=\"\ud83d\udcb6\" width=\"16\" height=\"16\" \/><\/span>\u00a0RATES<\/div><div class=\"x14z9mp xat24cr x1lziwak x1vvkbs xtlvy1s\"><p>450 \u20ac \/ person (Possibility to book with a 50% deposit).<\/p><\/div><div class=\"x14z9mp xat24cr x1lziwak x1vvkbs xtlvy1s\"><span class=\"html-span xexx8yu xyri2b x18d9i69 x1c1uobl x1hl2dhg x16tdsg8 x1vvkbs x3nfvp2 x1j61x8r x1fcty0u xdj266r xat24cr xm2jcoa x1mpyi22 xxymvpz xlup9mm x1kky2od\"><img loading=\"lazy\" decoding=\"async\" class=\"xz74otr x15mokao x1ga7v0g x16uus16 xbiv7yw\" src=\"https:\/\/static.xx.fbcdn.net\/images\/emoji.php\/v9\/t2d\/1\/16\/1f4cd.png\" alt=\"\ud83d\udccd\" width=\"16\" height=\"16\" \/><\/span>\u00a0ADDRESS<\/div><div class=\"x14z9mp xat24cr x1lziwak x1vvkbs xtlvy1s\">Temple Du Swing<br class=\"html-br\" \/>32 Bd de Vaugirard, 75015 Paris<\/div><div class=\"x14z9mp xat24cr x1lziwak x1vvkbs xtlvy1s\">\u00a0<\/div><div class=\"x14z9mp xat24cr x1lziwak x1vvkbs xtlvy1s\"><span class=\"html-span xexx8yu xyri2b x18d9i69 x1c1uobl x1hl2dhg x16tdsg8 x1vvkbs x3nfvp2 x1j61x8r x1fcty0u xdj266r xat24cr xm2jcoa x1mpyi22 xxymvpz xlup9mm x1kky2od\"><img loading=\"lazy\" decoding=\"async\" class=\"xz74otr x15mokao x1ga7v0g x16uus16 xbiv7yw\" src=\"https:\/\/static.xx.fbcdn.net\/images\/emoji.php\/v9\/tc0\/1\/16\/1f4e9.png\" alt=\"\ud83d\udce9\" width=\"16\" height=\"16\" \/><\/span>\u00a0INFORMATION &amp; BOOKING<\/div><div class=\"x14z9mp xat24cr x1lziwak x1vvkbs xtlvy1s\">&#8211; Mail: info @<a class=\"x1i10hfl xjbqb8w x1ejq31n x18oe1m7 x1sy0etr xstzfhl x972fbf x10w94by x1qhh985 x14e42zd x9f619 x1ypdohk xt0psk2 x3ct3a4 xdj266r x14z9mp xat24cr x1lziwak xexx8yu xyri2b x18d9i69 x1c1uobl x16tdsg8 x1hl2dhg xggy1nq x1a2a7pz xkrqix3 x1sur9pj x1fey0fg x1s688f\" tabindex=\"0\" role=\"link\" href=\"https:\/\/l.facebook.com\/l.php?u=http%3A%2F%2Fdadyandmanuela.com%2F%3Ffbclid%3DIwZXh0bgNhZW0CMTAAYnJpZBExUlZsTEhWb0V2YVI5UElZMQEeCHOXqfWqJkDjWC6peEqxGWenFHT6hoht1lzLYGYgYo9JrKZUEonflBKh1CI_aem_BKgjRcf3bJitlxBOwfV7fw&amp;h=AT3uBKAOpQl2GPU61iaxpOI8SKxP9iOWQJOEzebXNfP1EhC8cvEnSDIEBph07DwoF1trOcW4gBGcTuzoaYwEXUZuuC9GWKbgtYiYIv_w605jjHjagox4NBE6J1DJj50a7IaEBdMayATzuuk3O2qHcL7AlizfqA&amp;__tn__=q&amp;c[0]=AT2zGkuoOeqqX8AvebygU-Jk471WNW9ZZkg8PKeiqch0PMWh00GavSFWZq4qKXJq8mTmBkEIaPhjUIiCX2G5Ym9JTjVuIxN1qvpUi5Qsu5nxnKgAkwknE5hhKmJFxFaWaiRh5YdDqCOQFvUiV-lTOEsexF09UZLfHzI\" target=\"_blank\" rel=\"nofollow noopener noreferrer\">dadyandmanuela.com<\/a><br class=\"html-br\" \/>&#8211; Facebook &amp; Instagram: @dadyandmanuela<br class=\"html-br\" \/>&#8211; Website:\u00a0<a class=\"x1i10hfl xjbqb8w x1ejq31n x18oe1m7 x1sy0etr xstzfhl x972fbf x10w94by x1qhh985 x14e42zd x9f619 x1ypdohk xt0psk2 x3ct3a4 xdj266r x14z9mp xat24cr x1lziwak xexx8yu xyri2b x18d9i69 x1c1uobl x16tdsg8 x1hl2dhg xggy1nq x1a2a7pz xkrqix3 x1sur9pj x1fey0fg x1s688f\" tabindex=\"0\" role=\"link\" href=\"http:\/\/www.dadyandmanuela.com\/?fbclid=IwZXh0bgNhZW0CMTAAYnJpZBExUlZsTEhWb0V2YVI5UElZMQEe02mDpSKBl6R-SofNvRibWN4N_im5qOXgm0Sm64ObzJDwke2EJGDcRCr7dJI_aem_5koSO1qlDU-iZIoL98E8fg\" target=\"_blank\" rel=\"nofollow noopener noreferrer\">www.dadyandmanuela.com<\/a><\/div>\t\t\t\t\t\t<\/div>\n\t\t\t\t<\/div>\n\t\t\t\t\t<\/div>\n\t\t<\/div>\n\t\t\t\t\t\t\t<\/div>\n\t\t<\/section>\n\t\t\t\t<section class=\"elementor-section elementor-top-section elementor-element elementor-element-895ff3e elementor-section-boxed elementor-section-height-default elementor-section-height-default\" data-id=\"895ff3e\" data-element_type=\"section\">\n\t\t\t\t\t\t<div class=\"elementor-container elementor-column-gap-default\">\n\t\t\t\t\t<div class=\"elementor-column elementor-col-100 elementor-top-column elementor-element elementor-element-6f65b39\" data-id=\"6f65b39\" data-element_type=\"column\">\n\t\t\t<div class=\"elementor-widget-wrap elementor-element-populated\">\n\t\t\t\t\t\t\t\t<div class=\"elementor-element elementor-element-9165494 elementor-align-center elementor-widget elementor-widget-button\" data-id=\"9165494\" data-element_type=\"widget\" data-widget_type=\"button.default\">\n\t\t\t\t<div class=\"elementor-widget-container\">\n\t\t\t\t\t<div class=\"elementor-button-wrapper\">\n\t\t\t<a href=\"https:\/\/www.bizouk.com\/events\/details\/formation-professeur-konpa-teacher-train\/114406\" target=\"_blank\" class=\"elementor-button-link elementor-button elementor-size-sm\" role=\"button\">\n\t\t\t\t\t\t<span class=\"elementor-button-content-wrapper\">\n\t\t\t\t\t\t<span class=\"elementor-button-text\">R\u00c9SERVEZ<\/span>\n\t\t<\/span>\n\t\t\t\t\t<\/a>\n\t\t<\/div>\n\t\t\t\t<\/div>\n\t\t\t\t<\/div>\n\t\t\t\t\t<\/div>\n\t\t<\/div>\n\t\t\t\t\t\t\t<\/div>\n\t\t<\/section>\n\t\t\t\t<section class=\"elementor-section elementor-top-section elementor-element elementor-element-53b1456 elementor-section-boxed elementor-section-height-default elementor-section-height-default\" data-id=\"53b1456\" data-element_type=\"section\">\n\t\t\t\t\t\t<div class=\"elementor-container elementor-column-gap-default\">\n\t\t\t\t\t<div class=\"elementor-column elementor-col-50 elementor-top-column elementor-element elementor-element-7a50077\" data-id=\"7a50077\" data-element_type=\"column\">\n\t\t\t<div class=\"elementor-widget-wrap elementor-element-populated\">\n\t\t\t\t\t\t\t\t<div class=\"elementor-element elementor-element-1ea8a90 elementor-widget elementor-widget-text-editor\" data-id=\"1ea8a90\" data-element_type=\"widget\" data-widget_type=\"text-editor.default\">\n\t\t\t\t<div class=\"elementor-widget-container\">\n\t\t\t\t\t\t\t<p><span style=\"color: var( --e-global-color-text ); font-family: var( --e-global-typography-text-font-family ), Sans-serif; font-size: var( --e-global-typography-text-font-size ); font-style: var( --e-global-typography-text-font-style ); font-weight: var( --e-global-typography-text-font-weight ); letter-spacing: var( --e-global-typography-text-letter-spacing ); text-transform: var( --e-global-typography-text-text-transform ); word-spacing: var( --e-global-typography-text-word-spacing );\">Acc\u00e8s : Le Temple Du Swing, 32 Bd de Vaugirard, 75015 Paris<\/span><\/p>\t\t\t\t\t\t<\/div>\n\t\t\t\t<\/div>\n\t\t\t\t\t<\/div>\n\t\t<\/div>\n\t\t\t\t<div class=\"elementor-column elementor-col-50 elementor-top-column elementor-element elementor-element-f2e1fd5\" data-id=\"f2e1fd5\" data-element_type=\"column\">\n\t\t\t<div class=\"elementor-widget-wrap elementor-element-populated\">\n\t\t\t\t\t\t\t\t<div class=\"elementor-element elementor-element-72ccc64 elementor-align-center elementor-widget elementor-widget-button\" data-id=\"72ccc64\" data-element_type=\"widget\" data-widget_type=\"button.default\">\n\t\t\t\t<div class=\"elementor-widget-container\">\n\t\t\t\t\t<div class=\"elementor-button-wrapper\">\n\t\t\t<a href=\"https:\/\/dadyandmanuela.com\/index.php\/contact-us\/\" target=\"_blank\" class=\"elementor-button-link elementor-button elementor-size-sm\" role=\"button\">\n\t\t\t\t\t\t<span class=\"elementor-button-content-wrapper\">\n\t\t\t\t\t\t<span class=\"elementor-button-text\">cONTACTEZ-NOUS<\/span>\n\t\t<\/span>\n\t\t\t\t\t<\/a>\n\t\t<\/div>\n\t\t\t\t<\/div>\n\t\t\t\t<\/div>\n\t\t\t\t\t<\/div>\n\t\t<\/div>\n\t\t\t\t\t\t\t<\/div>\n\t\t<\/section>\n\t\t\t\t<section class=\"elementor-section elementor-top-section elementor-element elementor-element-c7084c6 elementor-section-boxed elementor-section-height-default elementor-section-height-default\" data-id=\"c7084c6\" data-element_type=\"section\">\n\t\t\t\t\t\t<div class=\"elementor-container elementor-column-gap-default\">\n\t\t\t\t\t<div class=\"elementor-column elementor-col-100 elementor-top-column elementor-element elementor-element-5e814b1\" data-id=\"5e814b1\" data-element_type=\"column\">\n\t\t\t<div class=\"elementor-widget-wrap elementor-element-populated\">\n\t\t\t\t\t\t\t\t<div class=\"elementor-element elementor-element-6781088 elementor-widget elementor-widget-google_maps\" data-id=\"6781088\" data-element_type=\"widget\" data-widget_type=\"google_maps.default\">\n\t\t\t\t<div class=\"elementor-widget-container\">\n\t\t\t<style>\/*! elementor - v3.10.2 - 29-01-2023 *\/\n.elementor-widget-google_maps .elementor-widget-container{overflow:hidden}.elementor-widget-google_maps iframe{height:300px}<\/style>\t\t<div class=\"elementor-custom-embed\">\n\t\t\t<iframe loading=\"lazy\"\n\t\t\t\t\tsrc=\"https:\/\/maps.google.com\/maps?q=Le%20Temple%20Du%20Swing%2C%2032%20Bd%20de%20Vaugirard%2C%2075015%20Paris&#038;t=m&#038;z=16&#038;output=embed&#038;iwloc=near\"\n\t\t\t\t\ttitle=\"Le Temple Du Swing, 32 Bd de Vaugirard, 75015 Paris\"\n\t\t\t\t\taria-label=\"Le Temple Du Swing, 32 Bd de Vaugirard, 75015 Paris\"\n\t\t\t><\/iframe>\n\t\t<\/div>\n\t\t\t\t<\/div>\n\t\t\t\t<\/div>\n\t\t\t\t\t<\/div>\n\t\t<\/div>\n\t\t\t\t\t\t\t<\/div>\n\t\t<\/section>\n\t\t\t\t\t\t\t<\/div>\n\t\t","protected":false},"excerpt":{"rendered":"<p>## English Below #Le Konpa, musique et danse ha\u00eftienne n\u00e9e dans les ann\u00e9es 50, conna\u00eet un essor remarquable \u00e0 l\u2019international.Pratiqu\u00e9 depuis pr\u00e8s de 70 ans, il s\u2019est enrichi et adapt\u00e9 tout en conservant une identit\u00e9 ha\u00eftienne forte. \u00a0\u00catre professeur de Konpa ne s\u2019improvise pas ! Avec cette formation professionnelle orchestr\u00e9e par Dady &amp; Manuela, vous [&hellip;]<\/p>\n","protected":false},"author":1,"featured_media":0,"parent":0,"menu_order":0,"comment_status":"closed","ping_status":"closed","template":"","meta":{"footnotes":""},"class_list":["post-733","page","type-page","status-publish","hentry"],"_links":{"self":[{"href":"https:\/\/dadyandmanuela.com\/index.php\/wp-json\/wp\/v2\/pages\/733","targetHints":{"allow":["GET"]}}],"collection":[{"href":"https:\/\/dadyandmanuela.com\/index.php\/wp-json\/wp\/v2\/pages"}],"about":[{"href":"https:\/\/dadyandmanuela.com\/index.php\/wp-json\/wp\/v2\/types\/page"}],"author":[{"embeddable":true,"href":"https:\/\/dadyandmanuela.com\/index.php\/wp-json\/wp\/v2\/users\/1"}],"replies":[{"embeddable":true,"href":"https:\/\/dadyandmanuela.com\/index.php\/wp-json\/wp\/v2\/comments?post=733"}],"version-history":[{"count":97,"href":"https:\/\/dadyandmanuela.com\/index.php\/wp-json\/wp\/v2\/pages\/733\/revisions"}],"predecessor-version":[{"id":1248,"href":"https:\/\/dadyandmanuela.com\/index.php\/wp-json\/wp\/v2\/pages\/733\/revisions\/1248"}],"wp:attachment":[{"href":"https:\/\/dadyandmanuela.com\/index.php\/wp-json\/wp\/v2\/media?parent=733"}],"curies":[{"name":"wp","href":"https:\/\/api.w.org\/{rel}","templated":true}]}}